{"id":1560,"date":"2021-11-23T11:02:20","date_gmt":"2021-11-23T09:02:20","guid":{"rendered":"https:\/\/pliroforiki.com\/product\/tp-link-router-tl-r605-4-x-gbit-lan-4-gbit-wan\/"},"modified":"2021-11-24T10:19:21","modified_gmt":"2021-11-24T08:19:21","slug":"tp-link-router-tl-r605-4-x-gbit-lan-4-gbit-wan","status":"publish","type":"product","link":"https:\/\/pliroforiki.com\/en\/shop\/perifereiaka\/diktyaka\/routers\/tp-link-router-tl-r605-4-x-gbit-lan-4-gbit-wan\/","title":{"rendered":"TP-LINK ROUTER TL-R605, 4 x GBIT LAN, 4 GBIT WAN"},"content":{"rendered":"<p><strong>Specifications<\/strong><\/p>\n<ul>\n<li>Manufacturer TP-LINK<\/li>\n<li>Type Router<\/li>\n<li>Wireless No<\/li>\n<li>LAN Ports 4<\/li>\n<li>WAN Ports 4<\/li>\n<li>VPN Passthrough<\/li>\n<li>Additional Interface<\/li>\n<\/ul>\n<ol>\n<li style=\"list-style-type: none;\">\n<ol>\n<li>1 Fixed Gigabit WAN Port<\/li>\n<li>1 Fixed Gigabit LAN Port<\/li>\n<li>3 Changeable Gigabit WAN\/LAN Ports<\/li>\n<li>Concurrent Session:25,000<\/li>\n<li>IPsec VPN Throughput:41.5 Mbps<\/li>\n<li>Integrated into Omada SDN: Zero-Touch Provisioning (ZTP), Centralized Cloud Management, and Intelligent Monitoring.<\/li>\n<\/ol>\n<\/li>\n<\/ol>\n<p>Up to 4 WAN Ports: 1 gigabit WAN port and 3 gigabit WAN\/LAN ports optimize bandwidth usage.<\/p>\n<p>Highly Secure VPN: Supports up to 20\u00d7 LAN-to-LAN IPsec, 16\u00d7 OpenVPN*, 16\u00d7 L2TP, and 16\u00d7 PPTP VPN connections.<\/p>\n<p>Abundant Security Features: Advanced firewall policies, DoS defense,IP\/MAC\/URL filtering, and more security functions protect your network and data.<br \/>\nWarranty (months) Lifetime<\/p>","protected":false},"excerpt":{"rendered":"<p>One gigabit SFP WAN port, one gigabit RJ45 WAN port and two freely interchangeable WAN \/ LAN ports allow the router to support up to four WAN ports to meet various Internet access requirements through one device.<\/p>","protected":false},"featured_media":3971,"comment_status":"open","ping_status":"closed","template":"","meta":[],"product_brand":[],"product_cat":[102],"product_tag":[],"class_list":{"0":"post-1560","1":"product","2":"type-product","3":"status-publish","4":"has-post-thumbnail","6":"product_cat-routers","7":"yith_product_brand-tp-link","8":"zakra-product--style-1","10":"first","11":"instock","12":"taxable","13":"shipping-taxable","14":"purchasable","15":"product-type-simple"},"yoast_head":"<!-- This site is optimized with the Yoast SEO plugin v27.3 - https:\/\/yoast.com\/product\/yoast-seo-wordpress\/ -->\n<title>TP-LINK ROUTER TL-R605, 4 x GBIT LAN, 4 GBIT WAN - ICS<\/title>\n<meta name=\"robots\" content=\"index, follow, max-snippet:-1, max-image-preview:large, max-video-preview:-1\" \/>\n<link rel=\"canonical\" href=\"https:\/\/pliroforiki.com\/en\/shop\/perifereiaka\/diktyaka\/routers\/tp-link-router-tl-r605-4-x-gbit-lan-4-gbit-wan\/\" \/>\n<meta property=\"og:locale\" content=\"en_US\" \/>\n<meta property=\"og:type\" content=\"article\" \/>\n<meta property=\"og:title\" content=\"TP-LINK ROUTER TL-R605, 4 x GBIT LAN, 4 GBIT WAN - ICS\" \/>\n<meta property=\"og:description\" content=\"\u039c\u03af\u03b1 \u03b8\u03cd\u03c1\u03b1 gigabit SFP WAN, \u03bc\u03af\u03b1 \u03b8\u03cd\u03c1\u03b1 gigabit RJ45 WAN \u03ba\u03b1\u03b9 \u03b4\u03cd\u03bf \u03b5\u03bb\u03b5\u03cd\u03b8\u03b5\u03c1\u03b1 \u03b5\u03bd\u03b1\u03bb\u03bb\u03ac\u03be\u03b9\u03bc\u03b5\u03c2 \u03b8\u03cd\u03c1\u03b5\u03c2 WAN \/ LAN \u03b5\u03c0\u03b9\u03c4\u03c1\u03ad\u03c0\u03bf\u03c5\u03bd \u03c3\u03c4\u03bf\u03bd \u03b4\u03c1\u03bf\u03bc\u03bf\u03bb\u03bf\u03b3\u03b7\u03c4\u03ae \u03bd\u03b1 \u03c5\u03c0\u03bf\u03c3\u03c4\u03b7\u03c1\u03af\u03b6\u03b5\u03b9 \u03ad\u03c9\u03c2 \u03ba\u03b1\u03b9 \u03c4\u03ad\u03c3\u03c3\u03b5\u03c1\u03b9\u03c2 \u03b8\u03cd\u03c1\u03b5\u03c2 WAN \u03b3\u03b9\u03b1 \u03bd\u03b1 \u03b9\u03ba\u03b1\u03bd\u03bf\u03c0\u03bf\u03b9\u03b5\u03af \u03b4\u03b9\u03ac\u03c6\u03bf\u03c1\u03b5\u03c2 \u03b1\u03c0\u03b1\u03b9\u03c4\u03ae\u03c3\u03b5\u03b9\u03c2 \u03c0\u03c1\u03cc\u03c3\u03b2\u03b1\u03c3\u03b7\u03c2 \u03c3\u03c4\u03bf \u0394\u03b9\u03b1\u03b4\u03af\u03ba\u03c4\u03c5\u03bf \u03bc\u03ad\u03c3\u03c9 \u03bc\u03b9\u03b1\u03c2 \u03c3\u03c5\u03c3\u03ba\u03b5\u03c5\u03ae\u03c2.\" \/>\n<meta property=\"og:url\" content=\"https:\/\/pliroforiki.com\/en\/shop\/perifereiaka\/diktyaka\/routers\/tp-link-router-tl-r605-4-x-gbit-lan-4-gbit-wan\/\" \/>\n<meta property=\"og:site_name\" content=\"ICS\" \/>\n<meta property=\"article:modified_time\" content=\"2021-11-24T08:19:21+00:00\" \/>\n<meta property=\"og:image\" content=\"https:\/\/pliroforiki.com\/wp-content\/uploads\/2021\/11\/tp-link-router-tl-r605-4-x-gbit-lan-4-gbit-wan.jpg\" \/>\n\t<meta property=\"og:image:width\" content=\"1000\" \/>\n\t<meta property=\"og:image:height\" content=\"1000\" \/>\n\t<meta property=\"og:image:type\" content=\"image\/jpeg\" \/>\n<meta name=\"twitter:card\" content=\"summary_large_image\" \/>\n<script type=\"application\/ld+json\" class=\"yoast-schema-graph\">{\"@context\":\"https:\\\/\\\/schema.org\",\"@graph\":[{\"@type\":\"WebPage\",\"@id\":\"https:\\\/\\\/pliroforiki.com\\\/en\\\/shop\\\/perifereiaka\\\/diktyaka\\\/routers\\\/tp-link-router-tl-r605-4-x-gbit-lan-4-gbit-wan\\\/\",\"url\":\"https:\\\/\\\/pliroforiki.com\\\/en\\\/shop\\\/perifereiaka\\\/diktyaka\\\/routers\\\/tp-link-router-tl-r605-4-x-gbit-lan-4-gbit-wan\\\/\",\"name\":\"TP-LINK ROUTER TL-R605, 4 x GBIT LAN, 4 GBIT WAN - ICS\",\"isPartOf\":{\"@id\":\"https:\\\/\\\/pliroforiki.com\\\/#website\"},\"primaryImageOfPage\":{\"@id\":\"https:\\\/\\\/pliroforiki.com\\\/en\\\/shop\\\/perifereiaka\\\/diktyaka\\\/routers\\\/tp-link-router-tl-r605-4-x-gbit-lan-4-gbit-wan\\\/#primaryimage\"},\"image\":{\"@id\":\"https:\\\/\\\/pliroforiki.com\\\/en\\\/shop\\\/perifereiaka\\\/diktyaka\\\/routers\\\/tp-link-router-tl-r605-4-x-gbit-lan-4-gbit-wan\\\/#primaryimage\"},\"thumbnailUrl\":\"https:\\\/\\\/pliroforiki.com\\\/wp-content\\\/uploads\\\/2021\\\/11\\\/tp-link-router-tl-r605-4-x-gbit-lan-4-gbit-wan.jpg\",\"datePublished\":\"2021-11-23T09:02:20+00:00\",\"dateModified\":\"2021-11-24T08:19:21+00:00\",\"breadcrumb\":{\"@id\":\"https:\\\/\\\/pliroforiki.com\\\/en\\\/shop\\\/perifereiaka\\\/diktyaka\\\/routers\\\/tp-link-router-tl-r605-4-x-gbit-lan-4-gbit-wan\\\/#breadcrumb\"},\"inLanguage\":\"en-US\",\"potentialAction\":[{\"@type\":\"ReadAction\",\"target\":[\"https:\\\/\\\/pliroforiki.com\\\/en\\\/shop\\\/perifereiaka\\\/diktyaka\\\/routers\\\/tp-link-router-tl-r605-4-x-gbit-lan-4-gbit-wan\\\/\"]}]},{\"@type\":\"ImageObject\",\"inLanguage\":\"en-US\",\"@id\":\"https:\\\/\\\/pliroforiki.com\\\/en\\\/shop\\\/perifereiaka\\\/diktyaka\\\/routers\\\/tp-link-router-tl-r605-4-x-gbit-lan-4-gbit-wan\\\/#primaryimage\",\"url\":\"https:\\\/\\\/pliroforiki.com\\\/wp-content\\\/uploads\\\/2021\\\/11\\\/tp-link-router-tl-r605-4-x-gbit-lan-4-gbit-wan.jpg\",\"contentUrl\":\"https:\\\/\\\/pliroforiki.com\\\/wp-content\\\/uploads\\\/2021\\\/11\\\/tp-link-router-tl-r605-4-x-gbit-lan-4-gbit-wan.jpg\",\"width\":1000,\"height\":1000,\"caption\":\"TP-LINK ROUTER TL-R605, 4 x GBIT LAN, 4 GBIT WAN\"},{\"@type\":\"BreadcrumbList\",\"@id\":\"https:\\\/\\\/pliroforiki.com\\\/en\\\/shop\\\/perifereiaka\\\/diktyaka\\\/routers\\\/tp-link-router-tl-r605-4-x-gbit-lan-4-gbit-wan\\\/#breadcrumb\",\"itemListElement\":[{\"@type\":\"ListItem\",\"position\":1,\"name\":\"\u0391\u03c1\u03c7\u03b9\u03ba\u03ae\",\"item\":\"https:\\\/\\\/pliroforiki.com\\\/\"},{\"@type\":\"ListItem\",\"position\":2,\"name\":\"\u039a\u03b1\u03c4\u03ac\u03c3\u03c4\u03b7\u03bc\u03b1\",\"item\":\"https:\\\/\\\/pliroforiki.com\\\/shop\\\/\"},{\"@type\":\"ListItem\",\"position\":3,\"name\":\"TP-LINK ROUTER TL-R605, 4 x GBIT LAN, 4 GBIT WAN\"}]},{\"@type\":\"WebSite\",\"@id\":\"https:\\\/\\\/pliroforiki.com\\\/#website\",\"url\":\"https:\\\/\\\/pliroforiki.com\\\/\",\"name\":\"ICS\",\"description\":\"\u0397\u03bb\u03b5\u03ba\u03c4\u03c1\u03bf\u03bd\u03b9\u03ba\u03bf\u03af \u03a5\u03c0\u03bf\u03bb\u03bf\u03b3\u03b9\u03c3\u03c4\u03ad\u03c2 - Laptop - \u0395\u03c0\u03b9\u03c3\u03ba\u03b5\u03cd\u03b5\u03c2\",\"publisher\":{\"@id\":\"https:\\\/\\\/pliroforiki.com\\\/#organization\"},\"potentialAction\":[{\"@type\":\"SearchAction\",\"target\":{\"@type\":\"EntryPoint\",\"urlTemplate\":\"https:\\\/\\\/pliroforiki.com\\\/?s={search_term_string}\"},\"query-input\":{\"@type\":\"PropertyValueSpecification\",\"valueRequired\":true,\"valueName\":\"search_term_string\"}}],\"inLanguage\":\"en-US\"},{\"@type\":\"Organization\",\"@id\":\"https:\\\/\\\/pliroforiki.com\\\/#organization\",\"name\":\"ICS\",\"url\":\"https:\\\/\\\/pliroforiki.com\\\/\",\"logo\":{\"@type\":\"ImageObject\",\"inLanguage\":\"en-US\",\"@id\":\"https:\\\/\\\/pliroforiki.com\\\/#\\\/schema\\\/logo\\\/image\\\/\",\"url\":\"https:\\\/\\\/pliroforiki.com\\\/wp-content\\\/uploads\\\/2022\\\/10\\\/logo-n-website-pliroforiki.jpg\",\"contentUrl\":\"https:\\\/\\\/pliroforiki.com\\\/wp-content\\\/uploads\\\/2022\\\/10\\\/logo-n-website-pliroforiki.jpg\",\"width\":320,\"height\":97,\"caption\":\"ICS\"},\"image\":{\"@id\":\"https:\\\/\\\/pliroforiki.com\\\/#\\\/schema\\\/logo\\\/image\\\/\"}}]}<\/script>\n<!-- \/ Yoast SEO plugin. -->","yoast_head_json":{"title":"TP-LINK ROUTER TL-R605, 4 x GBIT LAN, 4 GBIT WAN - ICS","robots":{"index":"index","follow":"follow","max-snippet":"max-snippet:-1","max-image-preview":"max-image-preview:large","max-video-preview":"max-video-preview:-1"},"canonical":"https:\/\/pliroforiki.com\/en\/shop\/perifereiaka\/diktyaka\/routers\/tp-link-router-tl-r605-4-x-gbit-lan-4-gbit-wan\/","og_locale":"en_US","og_type":"article","og_title":"TP-LINK ROUTER TL-R605, 4 x GBIT LAN, 4 GBIT WAN - ICS","og_description":"\u039c\u03af\u03b1 \u03b8\u03cd\u03c1\u03b1 gigabit SFP WAN, \u03bc\u03af\u03b1 \u03b8\u03cd\u03c1\u03b1 gigabit RJ45 WAN \u03ba\u03b1\u03b9 \u03b4\u03cd\u03bf \u03b5\u03bb\u03b5\u03cd\u03b8\u03b5\u03c1\u03b1 \u03b5\u03bd\u03b1\u03bb\u03bb\u03ac\u03be\u03b9\u03bc\u03b5\u03c2 \u03b8\u03cd\u03c1\u03b5\u03c2 WAN \/ LAN \u03b5\u03c0\u03b9\u03c4\u03c1\u03ad\u03c0\u03bf\u03c5\u03bd \u03c3\u03c4\u03bf\u03bd \u03b4\u03c1\u03bf\u03bc\u03bf\u03bb\u03bf\u03b3\u03b7\u03c4\u03ae \u03bd\u03b1 \u03c5\u03c0\u03bf\u03c3\u03c4\u03b7\u03c1\u03af\u03b6\u03b5\u03b9 \u03ad\u03c9\u03c2 \u03ba\u03b1\u03b9 \u03c4\u03ad\u03c3\u03c3\u03b5\u03c1\u03b9\u03c2 \u03b8\u03cd\u03c1\u03b5\u03c2 WAN \u03b3\u03b9\u03b1 \u03bd\u03b1 \u03b9\u03ba\u03b1\u03bd\u03bf\u03c0\u03bf\u03b9\u03b5\u03af \u03b4\u03b9\u03ac\u03c6\u03bf\u03c1\u03b5\u03c2 \u03b1\u03c0\u03b1\u03b9\u03c4\u03ae\u03c3\u03b5\u03b9\u03c2 \u03c0\u03c1\u03cc\u03c3\u03b2\u03b1\u03c3\u03b7\u03c2 \u03c3\u03c4\u03bf \u0394\u03b9\u03b1\u03b4\u03af\u03ba\u03c4\u03c5\u03bf \u03bc\u03ad\u03c3\u03c9 \u03bc\u03b9\u03b1\u03c2 \u03c3\u03c5\u03c3\u03ba\u03b5\u03c5\u03ae\u03c2.","og_url":"https:\/\/pliroforiki.com\/en\/shop\/perifereiaka\/diktyaka\/routers\/tp-link-router-tl-r605-4-x-gbit-lan-4-gbit-wan\/","og_site_name":"ICS","article_modified_time":"2021-11-24T08:19:21+00:00","og_image":[{"width":1000,"height":1000,"url":"https:\/\/pliroforiki.com\/wp-content\/uploads\/2021\/11\/tp-link-router-tl-r605-4-x-gbit-lan-4-gbit-wan.jpg","type":"image\/jpeg"}],"twitter_card":"summary_large_image","schema":{"@context":"https:\/\/schema.org","@graph":[{"@type":"WebPage","@id":"https:\/\/pliroforiki.com\/en\/shop\/perifereiaka\/diktyaka\/routers\/tp-link-router-tl-r605-4-x-gbit-lan-4-gbit-wan\/","url":"https:\/\/pliroforiki.com\/en\/shop\/perifereiaka\/diktyaka\/routers\/tp-link-router-tl-r605-4-x-gbit-lan-4-gbit-wan\/","name":"TP-LINK ROUTER TL-R605, 4 x GBIT LAN, 4 GBIT WAN - ICS","isPartOf":{"@id":"https:\/\/pliroforiki.com\/#website"},"primaryImageOfPage":{"@id":"https:\/\/pliroforiki.com\/en\/shop\/perifereiaka\/diktyaka\/routers\/tp-link-router-tl-r605-4-x-gbit-lan-4-gbit-wan\/#primaryimage"},"image":{"@id":"https:\/\/pliroforiki.com\/en\/shop\/perifereiaka\/diktyaka\/routers\/tp-link-router-tl-r605-4-x-gbit-lan-4-gbit-wan\/#primaryimage"},"thumbnailUrl":"https:\/\/pliroforiki.com\/wp-content\/uploads\/2021\/11\/tp-link-router-tl-r605-4-x-gbit-lan-4-gbit-wan.jpg","datePublished":"2021-11-23T09:02:20+00:00","dateModified":"2021-11-24T08:19:21+00:00","breadcrumb":{"@id":"https:\/\/pliroforiki.com\/en\/shop\/perifereiaka\/diktyaka\/routers\/tp-link-router-tl-r605-4-x-gbit-lan-4-gbit-wan\/#breadcrumb"},"inLanguage":"en-US","potentialAction":[{"@type":"ReadAction","target":["https:\/\/pliroforiki.com\/en\/shop\/perifereiaka\/diktyaka\/routers\/tp-link-router-tl-r605-4-x-gbit-lan-4-gbit-wan\/"]}]},{"@type":"ImageObject","inLanguage":"en-US","@id":"https:\/\/pliroforiki.com\/en\/shop\/perifereiaka\/diktyaka\/routers\/tp-link-router-tl-r605-4-x-gbit-lan-4-gbit-wan\/#primaryimage","url":"https:\/\/pliroforiki.com\/wp-content\/uploads\/2021\/11\/tp-link-router-tl-r605-4-x-gbit-lan-4-gbit-wan.jpg","contentUrl":"https:\/\/pliroforiki.com\/wp-content\/uploads\/2021\/11\/tp-link-router-tl-r605-4-x-gbit-lan-4-gbit-wan.jpg","width":1000,"height":1000,"caption":"TP-LINK ROUTER TL-R605, 4 x GBIT LAN, 4 GBIT WAN"},{"@type":"BreadcrumbList","@id":"https:\/\/pliroforiki.com\/en\/shop\/perifereiaka\/diktyaka\/routers\/tp-link-router-tl-r605-4-x-gbit-lan-4-gbit-wan\/#breadcrumb","itemListElement":[{"@type":"ListItem","position":1,"name":"\u0391\u03c1\u03c7\u03b9\u03ba\u03ae","item":"https:\/\/pliroforiki.com\/"},{"@type":"ListItem","position":2,"name":"\u039a\u03b1\u03c4\u03ac\u03c3\u03c4\u03b7\u03bc\u03b1","item":"https:\/\/pliroforiki.com\/shop\/"},{"@type":"ListItem","position":3,"name":"TP-LINK ROUTER TL-R605, 4 x GBIT LAN, 4 GBIT WAN"}]},{"@type":"WebSite","@id":"https:\/\/pliroforiki.com\/#website","url":"https:\/\/pliroforiki.com\/","name":"ICS","description":"\u0397\u03bb\u03b5\u03ba\u03c4\u03c1\u03bf\u03bd\u03b9\u03ba\u03bf\u03af \u03a5\u03c0\u03bf\u03bb\u03bf\u03b3\u03b9\u03c3\u03c4\u03ad\u03c2 - Laptop - \u0395\u03c0\u03b9\u03c3\u03ba\u03b5\u03cd\u03b5\u03c2","publisher":{"@id":"https:\/\/pliroforiki.com\/#organization"},"potentialAction":[{"@type":"SearchAction","target":{"@type":"EntryPoint","urlTemplate":"https:\/\/pliroforiki.com\/?s={search_term_string}"},"query-input":{"@type":"PropertyValueSpecification","valueRequired":true,"valueName":"search_term_string"}}],"inLanguage":"en-US"},{"@type":"Organization","@id":"https:\/\/pliroforiki.com\/#organization","name":"ICS","url":"https:\/\/pliroforiki.com\/","logo":{"@type":"ImageObject","inLanguage":"en-US","@id":"https:\/\/pliroforiki.com\/#\/schema\/logo\/image\/","url":"https:\/\/pliroforiki.com\/wp-content\/uploads\/2022\/10\/logo-n-website-pliroforiki.jpg","contentUrl":"https:\/\/pliroforiki.com\/wp-content\/uploads\/2022\/10\/logo-n-website-pliroforiki.jpg","width":320,"height":97,"caption":"ICS"},"image":{"@id":"https:\/\/pliroforiki.com\/#\/schema\/logo\/image\/"}}]}},"_links":{"self":[{"href":"https:\/\/pliroforiki.com\/en\/wp-json\/wp\/v2\/product\/1560","targetHints":{"allow":["GET"]}}],"collection":[{"href":"https:\/\/pliroforiki.com\/en\/wp-json\/wp\/v2\/product"}],"about":[{"href":"https:\/\/pliroforiki.com\/en\/wp-json\/wp\/v2\/types\/product"}],"replies":[{"embeddable":true,"href":"https:\/\/pliroforiki.com\/en\/wp-json\/wp\/v2\/comments?post=1560"}],"wp:featuredmedia":[{"embeddable":true,"href":"https:\/\/pliroforiki.com\/en\/wp-json\/wp\/v2\/media\/3971"}],"wp:attachment":[{"href":"https:\/\/pliroforiki.com\/en\/wp-json\/wp\/v2\/media?parent=1560"}],"wp:term":[{"taxonomy":"product_brand","embeddable":true,"href":"https:\/\/pliroforiki.com\/en\/wp-json\/wp\/v2\/product_brand?post=1560"},{"taxonomy":"product_cat","embeddable":true,"href":"https:\/\/pliroforiki.com\/en\/wp-json\/wp\/v2\/product_cat?post=1560"},{"taxonomy":"product_tag","embeddable":true,"href":"https:\/\/pliroforiki.com\/en\/wp-json\/wp\/v2\/product_tag?post=1560"}],"curies":[{"name":"wp","href":"https:\/\/api.w.org\/{rel}","templated":true}]}}